{"id":227,"date":"2023-03-06T18:17:45","date_gmt":"2023-03-06T18:17:45","guid":{"rendered":"https:\/\/constructoragepdelnorte.com\/?page_id=227"},"modified":"2023-08-09T16:28:58","modified_gmt":"2023-08-09T16:28:58","slug":"terminos-y-condiciones","status":"publish","type":"page","link":"https:\/\/constructoragepdelnorte.com\/index.php\/terminos-y-condiciones\/","title":{"rendered":"T\u00e9rminos y Condiciones"},"content":{"rendered":"\t\t<div data-elementor-type=\"wp-page\" data-elementor-id=\"227\" class=\"elementor elementor-227\">\n\t\t\t\t\t\t\t\t\t<section class=\"elementor-section elementor-top-section elementor-element elementor-element-e2ed7df elementor-section-boxed elementor-section-height-default elementor-section-height-default\" data-id=\"e2ed7df\" data-element_type=\"section\">\n\t\t\t\t\t\t<div class=\"elementor-container elementor-column-gap-default\">\n\t\t\t\t\t<div class=\"elementor-column elementor-col-100 elementor-top-column elementor-element elementor-element-8b8b71e\" data-id=\"8b8b71e\" data-element_type=\"column\">\n\t\t\t<div class=\"elementor-widget-wrap elementor-element-populated\">\n\t\t\t\t\t\t\t\t<div class=\"elementor-element elementor-element-76eba0a elementor-widget elementor-widget-text-editor\" data-id=\"76eba0a\" data-element_type=\"widget\" data-widget_type=\"text-editor.default\">\n\t\t\t\t<div class=\"elementor-widget-container\">\n\t\t\t<style>\/*! elementor - v3.11.2 - 22-02-2023 *\/\n.elementor-widget-text-editor.elementor-drop-cap-view-stacked .elementor-drop-cap{background-color:#818a91;color:#fff}.elementor-widget-text-editor.elementor-drop-cap-view-framed .elementor-drop-cap{color:#818a91;border:3px solid;background-color:transparent}.elementor-widget-text-editor:not(.elementor-drop-cap-view-default) .elementor-drop-cap{margin-top:8px}.elementor-widget-text-editor:not(.elementor-drop-cap-view-default) .elementor-drop-cap-letter{width:1em;height:1em}.elementor-widget-text-editor .elementor-drop-cap{float:left;text-align:center;line-height:1;font-size:50px}.elementor-widget-text-editor .elementor-drop-cap-letter{display:inline-block}<\/style>\t\t\t\t<div><p><em><strong>T\u00e9rminos y Condiciones de Uso del Sitio Web<\/strong><\/em><\/p><p>Bienvenido al sitio web <span style=\"text-decoration: underline;\"><strong>Constructora GEP del Norte<\/strong><\/span>. Al acceder y utilizar este sitio, aceptas estos t\u00e9rminos y condiciones. Por favor, lee detenidamente los siguientes t\u00e9rminos antes de utilizar este sitio web.<\/p><p>Propiedad Intelectual<\/p><p>El contenido de este sitio web es propiedad exclusiva del sitio web <span style=\"text-decoration: underline;\"><strong>Constructora GEP del Norte<\/strong><\/span>. El contenido incluye texto, im\u00e1genes, gr\u00e1ficos, logotipos, marcas registradas y dem\u00e1s material que aparece en el sitio. La reproducci\u00f3n, distribuci\u00f3n, republicaci\u00f3n o cualquier otro uso no autorizado del contenido de este sitio web est\u00e1 estrictamente prohibido.<\/p><p>Pol\u00edtica de Privacidad<\/p><p>La pol\u00edtica de privacidad de este sitio web se encuentra en un documento separado y est\u00e1 disponible para su revisi\u00f3n. Al utilizar este sitio web, aceptas nuestra pol\u00edtica de privacidad.<\/p><p>Enlaces a Otros Sitios Web<\/p><p>Este sitio web puede contener enlaces a otros sitios web que no est\u00e1n bajo el control del sitio web <span style=\"text-decoration: underline;\"><strong>Constructora GEP del Norte<\/strong><\/span>. El sitio web <span style=\"text-decoration: underline;\"><strong>Constructora GEP del Norte<\/strong><\/span> no se hace responsable del contenido de estos sitios web. Al proporcionar enlaces a estos sitios web, el sitio web <span style=\"text-decoration: underline;\"><strong>Constructora GEP del Norte<\/strong><\/span>\u00a0no aprueba, respalda o garantiza la exactitud de la informaci\u00f3n contenida en ellos.<\/p><p>Limitaci\u00f3n de Responsabilidad<\/p><p>El sitio web <span style=\"text-decoration: underline;\"><strong>Constructora GEP del Norte<\/strong><\/span>\u00a0no se hace responsable de los da\u00f1os directos, indirectos, fortuitos, consecuentes o especiales que puedan resultar del uso o imposibilidad de uso de este sitio web.<\/p><p>Modificaciones a los T\u00e9rminos y Condiciones<\/p><p>El sitio web <span style=\"text-decoration: underline;\"><strong>Constructora GEP del Norte<\/strong><\/span>\u00a0se reserva el derecho de modificar estos t\u00e9rminos y condiciones en cualquier momento. Cualquier cambio se notificar\u00e1 a los usuarios mediante la publicaci\u00f3n de una versi\u00f3n actualizada de los t\u00e9rminos y condiciones en el sitio web.<\/p><p>Ley Aplicable<\/p><p>Estos t\u00e9rminos y condiciones se regir\u00e1n e interpretar\u00e1n de acuerdo con las leyes del pa\u00eds. Cualquier disputa relacionada con estos t\u00e9rminos y condiciones se resolver\u00e1 en los tribunales de la ciudad.<\/p><p>Al utilizar este sitio web, el usuario acepta los t\u00e9rminos y condiciones de uso. Si no est\u00e1s de acuerdo con estos t\u00e9rminos y condiciones, por favor no utilices este sitio web.<\/p><\/div>\t\t\t\t\t\t<\/div>\n\t\t\t\t<\/div>\n\t\t\t\t\t<\/div>\n\t\t<\/div>\n\t\t\t\t\t\t\t<\/div>\n\t\t<\/section>\n\t\t\t\t\t\t\t<\/div>\n\t\t","protected":false},"excerpt":{"rendered":"<p>T\u00e9rminos y Condiciones de Uso del Sitio Web Bienvenido al sitio web Constructora GEP del Norte. Al acceder y utilizar este sitio, aceptas estos t\u00e9rminos y condiciones. Por favor, lee detenidamente los siguientes t\u00e9rminos antes de utilizar este sitio web. Propiedad Intelectual El contenido de este sitio web es propiedad exclusiva del sitio web Constructora &hellip;<\/p>\n<p class=\"read-more\"> <a class=\"\" href=\"https:\/\/constructoragepdelnorte.com\/index.php\/terminos-y-condiciones\/\"> <span class=\"screen-reader-text\">T\u00e9rminos y Condiciones<\/span> Leer m\u00e1s &raquo;<\/a><\/p>\n","protected":false},"author":1,"featured_media":0,"parent":0,"menu_order":0,"comment_status":"closed","ping_status":"closed","template":"","meta":{"site-sidebar-layout":"no-sidebar","site-content-layout":"page-builder","ast-global-header-display":"","ast-main-header-display":"","ast-hfb-above-header-display":"","ast-hfb-below-header-display":"","ast-hfb-mobile-header-display":"","site-post-title":"disabled","ast-breadcrumbs-content":"","ast-featured-img":"disabled","footer-sml-layout":"","theme-transparent-header-meta":"","adv-header-id-meta":"","stick-header-meta":"","header-above-stick-meta":"","header-main-stick-meta":"","header-below-stick-meta":""},"_links":{"self":[{"href":"https:\/\/constructoragepdelnorte.com\/index.php\/wp-json\/wp\/v2\/pages\/227"}],"collection":[{"href":"https:\/\/constructoragepdelnorte.com\/index.php\/wp-json\/wp\/v2\/pages"}],"about":[{"href":"https:\/\/constructoragepdelnorte.com\/index.php\/wp-json\/wp\/v2\/types\/page"}],"author":[{"embeddable":true,"href":"https:\/\/constructoragepdelnorte.com\/index.php\/wp-json\/wp\/v2\/users\/1"}],"replies":[{"embeddable":true,"href":"https:\/\/constructoragepdelnorte.com\/index.php\/wp-json\/wp\/v2\/comments?post=227"}],"version-history":[{"count":7,"href":"https:\/\/constructoragepdelnorte.com\/index.php\/wp-json\/wp\/v2\/pages\/227\/revisions"}],"predecessor-version":[{"id":284,"href":"https:\/\/constructoragepdelnorte.com\/index.php\/wp-json\/wp\/v2\/pages\/227\/revisions\/284"}],"wp:attachment":[{"href":"https:\/\/constructoragepdelnorte.com\/index.php\/wp-json\/wp\/v2\/media?parent=227"}],"curies":[{"name":"wp","href":"https:\/\/api.w.org\/{rel}","templated":true}]}}